{"id":6691,"date":"2023-12-21T02:40:25","date_gmt":"2023-12-21T02:40:25","guid":{"rendered":"https:\/\/radioklikfm.rs\/?page_id=6691"},"modified":"2024-03-07T18:22:21","modified_gmt":"2024-03-07T18:22:21","slug":"kontakt","status":"publish","type":"page","link":"https:\/\/radioklikfm.rs\/index.php\/kontakt\/","title":{"rendered":"Kontakt"},"content":{"rendered":"\t\t<div data-elementor-type=\"wp-page\" data-elementor-id=\"6691\" class=\"elementor elementor-6691\">\n\t\t\t\t\t\t<section class=\"elementor-section elementor-top-section elementor-element elementor-element-5a5376b5 elementor-section-stretched elementor-section-full_width elementor-section-height-min-height elementor-section-height-default elementor-section-items-middle\" data-id=\"5a5376b5\" data-element_type=\"section\" data-e-type=\"section\" data-settings=\"{&quot;stretch_section&quot;:&quot;section-stretched&quot;,&quot;background_background&quot;:&quot;slideshow&quot;,&quot;background_slideshow_gallery&quot;:[{&quot;id&quot;:6861,&quot;url&quot;:&quot;https:\\\/\\\/radioklikfm.rs\\\/wp-content\\\/uploads\\\/2023\\\/12\\\/Nenaslovljeni-dizajn-5.png&quot;}],&quot;background_slideshow_loop&quot;:&quot;yes&quot;,&quot;background_slideshow_slide_duration&quot;:5000,&quot;background_slideshow_slide_transition&quot;:&quot;fade&quot;,&quot;background_slideshow_transition_duration&quot;:500}\">\n\t\t\t\t\t\t\t<div class=\"elementor-background-overlay\"><\/div>\n\t\t\t\t\t\t\t<div class=\"elementor-container elementor-column-gap-default\">\n\t\t\t\t\t<div class=\"elementor-column elementor-col-100 elementor-top-column elementor-element elementor-element-2142e320\" data-id=\"2142e320\" data-element_type=\"column\" data-e-type=\"column\" data-settings=\"{&quot;background_background&quot;:&quot;classic&quot;}\">\n\t\t\t<div class=\"elementor-widget-wrap elementor-element-populated\">\n\t\t\t\t\t\t<div class=\"elementor-element elementor-element-6101050 elementor-widget elementor-widget-proradio-elementor-qt-caption\" data-id=\"6101050\" data-element_type=\"widget\" data-e-type=\"widget\" data-widget_type=\"proradio-elementor-qt-caption.default\">\n\t\t\t\t<div class=\"elementor-widget-container\">\n\t\t\t\t\t\t\t<div>\n\t\t\t<h3  class=\"proradio-element-caption proradio-caption  proradio-caption__l center proradio-center proradio-caption__c  \" data-qtwaypoints-offset=\"30\" data-qtwaypoints>\t\t\t\t<span>KLIK FM<\/span>\n\t\t\t\t<\/h3>\t\t<\/div>\n\t\t\t\t\t\t<\/div>\n\t\t\t\t<\/div>\n\t\t\t\t<div class=\"elementor-element elementor-element-2959c17c elementor-widget elementor-widget-heading\" data-id=\"2959c17c\" data-element_type=\"widget\" data-e-type=\"widget\" data-widget_type=\"heading.default\">\n\t\t\t\t<div class=\"elementor-widget-container\">\n\t\t\t\t\t<h1 class=\"elementor-heading-title elementor-size-default\">KONTAKT<\/h1>\t\t\t\t<\/div>\n\t\t\t\t<\/div>\n\t\t\t\t\t<\/div>\n\t\t<\/div>\n\t\t\t\t\t<\/div>\n\t\t<\/section>\n\t\t\t\t<section class=\"elementor-section elementor-top-section elementor-element elementor-element-6deed874 elementor-section-stretched elementor-section-boxed elementor-section-height-default elementor-section-height-default\" data-id=\"6deed874\" data-element_type=\"section\" data-e-type=\"section\" data-settings=\"{&quot;stretch_section&quot;:&quot;section-stretched&quot;,&quot;background_background&quot;:&quot;classic&quot;}\">\n\t\t\t\t\t\t<div class=\"elementor-container elementor-column-gap-wider\">\n\t\t\t\t\t<div class=\"elementor-column elementor-col-100 elementor-top-column elementor-element elementor-element-1d2b2945\" data-id=\"1d2b2945\" data-element_type=\"column\" data-e-type=\"column\">\n\t\t\t<div class=\"elementor-widget-wrap elementor-element-populated\">\n\t\t\t\t\t\t<div class=\"elementor-element elementor-element-10b09ab1 elementor-hidden-mobile elementor-widget elementor-widget-proradio-elementor-qt-caption\" data-id=\"10b09ab1\" data-element_type=\"widget\" data-e-type=\"widget\" data-widget_type=\"proradio-elementor-qt-caption.default\">\n\t\t\t\t<div class=\"elementor-widget-container\">\n\t\t\t\t\t\t\t<div>\n\t\t\t<h3  class=\"proradio-element-caption proradio-caption  proradio-caption__s  \" data-qtwaypoints-offset=\"30\" data-qtwaypoints>\t\t\t\t<span>za sva va\u0161a pitanja i sugestije<\/span>\n\t\t\t\t<\/h3>\t\t<\/div>\n\t\t\t\t\t\t<\/div>\n\t\t\t\t<\/div>\n\t\t\t\t<div class=\"elementor-element elementor-element-2c3337b7 elementor-widget elementor-widget-heading\" data-id=\"2c3337b7\" data-element_type=\"widget\" data-e-type=\"widget\" data-widget_type=\"heading.default\">\n\t\t\t\t<div class=\"elementor-widget-container\">\n\t\t\t\t\t<h2 class=\"elementor-heading-title elementor-size-default\">KONTAKTIRAJTE NAS<\/h2>\t\t\t\t<\/div>\n\t\t\t\t<\/div>\n\t\t\t\t<div class=\"elementor-element elementor-element-26121c71 elementor-widget elementor-widget-text-editor\" data-id=\"26121c71\" data-element_type=\"widget\" data-e-type=\"widget\" data-widget_type=\"text-editor.default\">\n\t\t\t\t<div class=\"elementor-widget-container\">\n\t\t\t\t\t\t\t\t\t<p>Otvoreni smo za sva va\u0161a pitanja, sugestije i saradnju. Budite slobodni, kontaktirajte nas.<\/p><p><em>Va\u0161 Klik FM radio<\/em><\/p>\t\t\t\t\t\t\t\t<\/div>\n\t\t\t\t<\/div>\n\t\t\t\t<section class=\"elementor-section elementor-inner-section elementor-element elementor-element-4caa3836 elementor-hidden-mobile elementor-section-boxed elementor-section-height-default elementor-section-height-default\" data-id=\"4caa3836\" data-element_type=\"section\" data-e-type=\"section\">\n\t\t\t\t\t\t<div class=\"elementor-container elementor-column-gap-default\">\n\t\t\t\t\t<div class=\"elementor-column elementor-col-25 elementor-inner-column elementor-element elementor-element-16992ede\" data-id=\"16992ede\" data-element_type=\"column\" data-e-type=\"column\">\n\t\t\t<div class=\"elementor-widget-wrap elementor-element-populated\">\n\t\t\t\t\t\t<div class=\"elementor-element elementor-element-330fa15c elementor-icon-list--layout-traditional elementor-list-item-link-full_width elementor-widget elementor-widget-icon-list\" data-id=\"330fa15c\" data-element_type=\"widget\" data-e-type=\"widget\" data-widget_type=\"icon-list.default\">\n\t\t\t\t<div class=\"elementor-widget-container\">\n\t\t\t\t\t\t\t<ul class=\"elementor-icon-list-items\">\n\t\t\t\t\t\t\t<li class=\"elementor-icon-list-item\">\n\t\t\t\t\t\t\t\t\t\t\t<span class=\"elementor-icon-list-icon\">\n\t\t\t\t\t\t\t<i aria-hidden=\"true\" class=\"fas fa-phone-alt\"><\/i>\t\t\t\t\t\t<\/span>\n\t\t\t\t\t\t\t\t\t\t<span class=\"elementor-icon-list-text\">Studio:<a href=\"tel:+381216211578\">+38121 6211578<span style=\"font-size: inherit;letter-spacing: 0em\"><\/span><\/a><\/span>\n\t\t\t\t\t\t\t\t\t<\/li>\n\t\t\t\t\t\t<\/ul>\n\t\t\t\t\t\t<\/div>\n\t\t\t\t<\/div>\n\t\t\t\t\t<\/div>\n\t\t<\/div>\n\t\t\t\t<div class=\"elementor-column elementor-col-25 elementor-inner-column elementor-element elementor-element-a911d7d\" data-id=\"a911d7d\" data-element_type=\"column\" data-e-type=\"column\">\n\t\t\t<div class=\"elementor-widget-wrap elementor-element-populated\">\n\t\t\t\t\t\t<div class=\"elementor-element elementor-element-254f9374 elementor-icon-list--layout-traditional elementor-list-item-link-full_width elementor-widget elementor-widget-icon-list\" data-id=\"254f9374\" data-element_type=\"widget\" data-e-type=\"widget\" data-widget_type=\"icon-list.default\">\n\t\t\t\t<div class=\"elementor-widget-container\">\n\t\t\t\t\t\t\t<ul class=\"elementor-icon-list-items\">\n\t\t\t\t\t\t\t<li class=\"elementor-icon-list-item\">\n\t\t\t\t\t\t\t\t\t\t\t<span class=\"elementor-icon-list-icon\">\n\t\t\t\t\t\t\t<i aria-hidden=\"true\" class=\"fas fa-phone-alt\"><\/i>\t\t\t\t\t\t<\/span>\n\t\t\t\t\t\t\t\t\t\t<span class=\"elementor-icon-list-text\">Marketing: <a href=\"tel:+38163537000\">+38163 537 000<span style=\"font-size: inherit;letter-spacing: 0em\"><\/span><\/a><\/span>\n\t\t\t\t\t\t\t\t\t<\/li>\n\t\t\t\t\t\t<\/ul>\n\t\t\t\t\t\t<\/div>\n\t\t\t\t<\/div>\n\t\t\t\t\t<\/div>\n\t\t<\/div>\n\t\t\t\t<div class=\"elementor-column elementor-col-25 elementor-inner-column elementor-element elementor-element-6ec28a7e\" data-id=\"6ec28a7e\" data-element_type=\"column\" data-e-type=\"column\">\n\t\t\t<div class=\"elementor-widget-wrap elementor-element-populated\">\n\t\t\t\t\t\t<div class=\"elementor-element elementor-element-21fabab4 elementor-icon-list--layout-traditional elementor-list-item-link-full_width elementor-widget elementor-widget-icon-list\" data-id=\"21fabab4\" data-element_type=\"widget\" data-e-type=\"widget\" data-widget_type=\"icon-list.default\">\n\t\t\t\t<div class=\"elementor-widget-container\">\n\t\t\t\t\t\t\t<ul class=\"elementor-icon-list-items\">\n\t\t\t\t\t\t\t<li class=\"elementor-icon-list-item\">\n\t\t\t\t\t\t\t\t\t\t\t<span class=\"elementor-icon-list-icon\">\n\t\t\t\t\t\t\t<i aria-hidden=\"true\" class=\"far fa-envelope\"><\/i>\t\t\t\t\t\t<\/span>\n\t\t\t\t\t\t\t\t\t\t<span class=\"elementor-icon-list-text\">Po\u0161aljite nam email:<\/br><a href=\"mailto:marketing@radiojugovic.rs?cc= marketing@radiojugovic.rs&amp;bcc= marketing@radiojugovic.rs&amp;subject=Summer%20Party&amp;body=You%20are%20invited%20to%20a%20big%20summer%20party!\" target=\"_top\"> marketing@radiojugovic.rs<\/a><\/span>\n\t\t\t\t\t\t\t\t\t<\/li>\n\t\t\t\t\t\t<\/ul>\n\t\t\t\t\t\t<\/div>\n\t\t\t\t<\/div>\n\t\t\t\t\t<\/div>\n\t\t<\/div>\n\t\t\t\t<div class=\"elementor-column elementor-col-25 elementor-inner-column elementor-element elementor-element-2fc67835\" data-id=\"2fc67835\" data-element_type=\"column\" data-e-type=\"column\">\n\t\t\t<div class=\"elementor-widget-wrap elementor-element-populated\">\n\t\t\t\t\t\t<div class=\"elementor-element elementor-element-1929ebe8 elementor-icon-list--layout-traditional elementor-list-item-link-full_width elementor-widget elementor-widget-icon-list\" data-id=\"1929ebe8\" data-element_type=\"widget\" data-e-type=\"widget\" data-widget_type=\"icon-list.default\">\n\t\t\t\t<div class=\"elementor-widget-container\">\n\t\t\t\t\t\t\t<ul class=\"elementor-icon-list-items\">\n\t\t\t\t\t\t\t<li class=\"elementor-icon-list-item\">\n\t\t\t\t\t\t\t\t\t\t\t<span class=\"elementor-icon-list-icon\">\n\t\t\t\t\t\t\t<i aria-hidden=\"true\" class=\"fas fa-map-pin\"><\/i>\t\t\t\t\t\t<\/span>\n\t\t\t\t\t\t\t\t\t\t<span class=\"elementor-icon-list-text\">Posetite nas: Bulevar Oslobo\u0111enja 11, Novi Sad<\/span>\n\t\t\t\t\t\t\t\t\t<\/li>\n\t\t\t\t\t\t<\/ul>\n\t\t\t\t\t\t<\/div>\n\t\t\t\t<\/div>\n\t\t\t\t\t<\/div>\n\t\t<\/div>\n\t\t\t\t\t<\/div>\n\t\t<\/section>\n\t\t\t\t<div class=\"elementor-element elementor-element-7aedbf8a elementor-hidden-desktop elementor-hidden-tablet elementor-widget elementor-widget-text-editor\" data-id=\"7aedbf8a\" data-element_type=\"widget\" data-e-type=\"widget\" data-widget_type=\"text-editor.default\">\n\t\t\t\t<div class=\"elementor-widget-container\">\n\t\t\t\t\t\t\t\t\t<p>Studio:<a href=\"tel:+381216211578\">+38121 6211578<\/a> <br \/>Marketing: <a href=\"tel:+38163537000\">+38163 537 000<\/a> <br \/>Po\u0161aljite nam email:<a href=\"mailto: marketing@radiojugovic.rs?cc= marketing@radiojugovic.rs&amp;bcc= marketing@radiojugovic.rs&amp;subject=Summer%20Party&amp;body=You%20are%20invited%20to%20a%20big%20summer%20party!\" target=\"_top\"> marketing@radiojugovic.rs<\/a> <br \/>Posetite nas: Bulevar Oslobo\u0111enja 11, Novi Sad<\/p>\t\t\t\t\t\t\t\t<\/div>\n\t\t\t\t<\/div>\n\t\t\t\t\t<\/div>\n\t\t<\/div>\n\t\t\t\t\t<\/div>\n\t\t<\/section>\n\t\t\t\t<section class=\"elementor-section elementor-top-section elementor-element elementor-element-3e8827bb elementor-section-stretched elementor-section-full_width map elementor-section-height-default elementor-section-height-default\" data-id=\"3e8827bb\" data-element_type=\"section\" data-e-type=\"section\" id=\"map\" data-settings=\"{&quot;stretch_section&quot;:&quot;section-stretched&quot;}\">\n\t\t\t\t\t\t<div class=\"elementor-container elementor-column-gap-default\">\n\t\t\t\t\t<div class=\"elementor-column elementor-col-100 elementor-top-column elementor-element elementor-element-e194c4f\" data-id=\"e194c4f\" data-element_type=\"column\" data-e-type=\"column\">\n\t\t\t<div class=\"elementor-widget-wrap elementor-element-populated\">\n\t\t\t\t\t\t<div class=\"elementor-element elementor-element-7ce4551 elementor-widget elementor-widget-google_maps\" data-id=\"7ce4551\" data-element_type=\"widget\" data-e-type=\"widget\" data-widget_type=\"google_maps.default\">\n\t\t\t\t<div class=\"elementor-widget-container\">\n\t\t\t\t\t\t\t<div class=\"elementor-custom-embed\">\n\t\t\t<iframe loading=\"lazy\"\n\t\t\t\t\tsrc=\"https:\/\/maps.google.com\/maps?q=%D0%91%D1%83%D0%BB%D0%B5%D0%B2%D0%B0%D1%80%20%D0%BE%D1%81%D0%BB%D0%BE%D0%B1%D0%BE%D1%92%D0%B5%D1%9A%D0%B0%2011%2C%20%D0%9D%D0%BE%D0%B2%D0%B8%20%D0%A1%D0%B0%D0%B4%2021000&#038;t=m&#038;z=14&#038;output=embed&#038;iwloc=near\"\n\t\t\t\t\ttitle=\"\u0411\u0443\u043b\u0435\u0432\u0430\u0440 \u043e\u0441\u043b\u043e\u0431\u043e\u0452\u0435\u045a\u0430 11, \u041d\u043e\u0432\u0438 \u0421\u0430\u0434 21000\"\n\t\t\t\t\taria-label=\"\u0411\u0443\u043b\u0435\u0432\u0430\u0440 \u043e\u0441\u043b\u043e\u0431\u043e\u0452\u0435\u045a\u0430 11, \u041d\u043e\u0432\u0438 \u0421\u0430\u0434 21000\"\n\t\t\t><\/iframe>\n\t\t<\/div>\n\t\t\t\t\t\t<\/div>\n\t\t\t\t<\/div>\n\t\t\t\t\t<\/div>\n\t\t<\/div>\n\t\t\t\t\t<\/div>\n\t\t<\/section>\n\t\t\t\t<\/div>\n\t\t","protected":false},"excerpt":{"rendered":"<p>KLIK FM KONTAKT za sva va\u0161a pitanja i sugestije KONTAKTIRAJTE NAS Otvoreni smo za sva va\u0161a pitanja, sugestije i saradnju. Budite slobodni, kontaktirajte nas. Va\u0161 Klik FM radio Studio:+38121 6211578 Marketing: +38163 537 000 Po\u0161aljite nam email: marketing@radiojugovic.rs Posetite nas: Bulevar Oslobo\u0111enja 11, Novi Sad Studio:+38121 6211578 Marketing: +38163 537 ...<\/p>\n","protected":false},"author":1,"featured_media":6801,"parent":0,"menu_order":0,"comment_status":"closed","ping_status":"closed","template":"","meta":{"footnotes":""},"class_list":["post-6691","page","type-page","status-publish","has-post-thumbnail","hentry"],"yoast_head":"<!-- This site is optimized with the Yoast SEO plugin v27.2 - https:\/\/yoast.com\/product\/yoast-seo-wordpress\/ -->\n<title>Kontakt - KLIK FM<\/title>\n<meta name=\"description\" content=\"Slu\u0161ajte Radio Klik FM\" \/>\n<meta name=\"robots\" content=\"index, follow, max-snippet:-1, max-image-preview:large, max-video-preview:-1\" \/>\n<link rel=\"canonical\" href=\"https:\/\/radioklikfm.rs\/index.php\/kontakt\/\" \/>\n<meta property=\"og:locale\" content=\"en_US\" \/>\n<meta property=\"og:type\" content=\"article\" \/>\n<meta property=\"og:title\" content=\"Kontakt - KLIK FM\" \/>\n<meta property=\"og:description\" content=\"Slu\u0161ajte Radio Klik FM\" \/>\n<meta property=\"og:url\" content=\"https:\/\/radioklikfm.rs\/index.php\/kontakt\/\" \/>\n<meta property=\"og:site_name\" content=\"KLIK FM\" \/>\n<meta property=\"article:modified_time\" content=\"2024-03-07T18:22:21+00:00\" \/>\n<meta property=\"og:image\" content=\"https:\/\/radioklikfm.rs\/wp-content\/uploads\/2023\/12\/RADIO-KLIK-FM-91.7.png\" \/>\n\t<meta property=\"og:image:width\" content=\"1080\" \/>\n\t<meta property=\"og:image:height\" content=\"1080\" \/>\n\t<meta property=\"og:image:type\" content=\"image\/png\" \/>\n<meta name=\"twitter:card\" content=\"summary_large_image\" \/>\n<meta name=\"twitter:label1\" content=\"Est. reading time\" \/>\n\t<meta name=\"twitter:data1\" content=\"1 minute\" \/>\n<script type=\"application\/ld+json\" class=\"yoast-schema-graph\">{\"@context\":\"https:\/\/schema.org\",\"@graph\":[{\"@type\":\"WebPage\",\"@id\":\"https:\/\/radioklikfm.rs\/index.php\/kontakt\/\",\"url\":\"https:\/\/radioklikfm.rs\/index.php\/kontakt\/\",\"name\":\"Kontakt - KLIK FM\",\"isPartOf\":{\"@id\":\"https:\/\/radioklikfm.rs\/#website\"},\"primaryImageOfPage\":{\"@id\":\"https:\/\/radioklikfm.rs\/index.php\/kontakt\/#primaryimage\"},\"image\":{\"@id\":\"https:\/\/radioklikfm.rs\/index.php\/kontakt\/#primaryimage\"},\"thumbnailUrl\":\"https:\/\/radioklikfm.rs\/wp-content\/uploads\/2023\/12\/RADIO-KLIK-FM-91.7.png\",\"datePublished\":\"2023-12-21T02:40:25+00:00\",\"dateModified\":\"2024-03-07T18:22:21+00:00\",\"description\":\"Slu\u0161ajte Radio Klik FM\",\"breadcrumb\":{\"@id\":\"https:\/\/radioklikfm.rs\/index.php\/kontakt\/#breadcrumb\"},\"inLanguage\":\"en-US\",\"potentialAction\":[{\"@type\":\"ReadAction\",\"target\":[\"https:\/\/radioklikfm.rs\/index.php\/kontakt\/\"]}]},{\"@type\":\"ImageObject\",\"inLanguage\":\"en-US\",\"@id\":\"https:\/\/radioklikfm.rs\/index.php\/kontakt\/#primaryimage\",\"url\":\"https:\/\/radioklikfm.rs\/wp-content\/uploads\/2023\/12\/RADIO-KLIK-FM-91.7.png\",\"contentUrl\":\"https:\/\/radioklikfm.rs\/wp-content\/uploads\/2023\/12\/RADIO-KLIK-FM-91.7.png\",\"width\":1080,\"height\":1080},{\"@type\":\"BreadcrumbList\",\"@id\":\"https:\/\/radioklikfm.rs\/index.php\/kontakt\/#breadcrumb\",\"itemListElement\":[{\"@type\":\"ListItem\",\"position\":1,\"name\":\"Home\",\"item\":\"https:\/\/radioklikfm.rs\/\"},{\"@type\":\"ListItem\",\"position\":2,\"name\":\"Kontakt\"}]},{\"@type\":\"WebSite\",\"@id\":\"https:\/\/radioklikfm.rs\/#website\",\"url\":\"https:\/\/radioklikfm.rs\/\",\"name\":\"KLIK FM 91.7\",\"description\":\"Slu\u0161ajte Radio Klik FM\",\"publisher\":{\"@id\":\"https:\/\/radioklikfm.rs\/#organization\"},\"alternateName\":\"Slu\u0161ajte Radio Klik FM\",\"potentialAction\":[{\"@type\":\"SearchAction\",\"target\":{\"@type\":\"EntryPoint\",\"urlTemplate\":\"https:\/\/radioklikfm.rs\/?s={search_term_string}\"},\"query-input\":{\"@type\":\"PropertyValueSpecification\",\"valueRequired\":true,\"valueName\":\"search_term_string\"}}],\"inLanguage\":\"en-US\"},{\"@type\":\"Organization\",\"@id\":\"https:\/\/radioklikfm.rs\/#organization\",\"name\":\"KLIK FM\",\"alternateName\":\"Slu\u0161ajte Radio Klik FM\",\"url\":\"https:\/\/radioklikfm.rs\/\",\"logo\":{\"@type\":\"ImageObject\",\"inLanguage\":\"en-US\",\"@id\":\"https:\/\/radioklikfm.rs\/#\/schema\/logo\/image\/\",\"url\":\"https:\/\/radioklikfm.rs\/wp-content\/uploads\/2023\/12\/RADIO-KLIK-FM-LOGO-NOVI.png\",\"contentUrl\":\"https:\/\/radioklikfm.rs\/wp-content\/uploads\/2023\/12\/RADIO-KLIK-FM-LOGO-NOVI.png\",\"width\":1172,\"height\":649,\"caption\":\"KLIK FM\"},\"image\":{\"@id\":\"https:\/\/radioklikfm.rs\/#\/schema\/logo\/image\/\"}}]}<\/script>\n<!-- \/ Yoast SEO plugin. -->","yoast_head_json":{"title":"Kontakt - KLIK FM","description":"Slu\u0161ajte Radio Klik FM","robots":{"index":"index","follow":"follow","max-snippet":"max-snippet:-1","max-image-preview":"max-image-preview:large","max-video-preview":"max-video-preview:-1"},"canonical":"https:\/\/radioklikfm.rs\/index.php\/kontakt\/","og_locale":"en_US","og_type":"article","og_title":"Kontakt - KLIK FM","og_description":"Slu\u0161ajte Radio Klik FM","og_url":"https:\/\/radioklikfm.rs\/index.php\/kontakt\/","og_site_name":"KLIK FM","article_modified_time":"2024-03-07T18:22:21+00:00","og_image":[{"width":1080,"height":1080,"url":"https:\/\/radioklikfm.rs\/wp-content\/uploads\/2023\/12\/RADIO-KLIK-FM-91.7.png","type":"image\/png"}],"twitter_card":"summary_large_image","twitter_misc":{"Est. reading time":"1 minute"},"schema":{"@context":"https:\/\/schema.org","@graph":[{"@type":"WebPage","@id":"https:\/\/radioklikfm.rs\/index.php\/kontakt\/","url":"https:\/\/radioklikfm.rs\/index.php\/kontakt\/","name":"Kontakt - KLIK FM","isPartOf":{"@id":"https:\/\/radioklikfm.rs\/#website"},"primaryImageOfPage":{"@id":"https:\/\/radioklikfm.rs\/index.php\/kontakt\/#primaryimage"},"image":{"@id":"https:\/\/radioklikfm.rs\/index.php\/kontakt\/#primaryimage"},"thumbnailUrl":"https:\/\/radioklikfm.rs\/wp-content\/uploads\/2023\/12\/RADIO-KLIK-FM-91.7.png","datePublished":"2023-12-21T02:40:25+00:00","dateModified":"2024-03-07T18:22:21+00:00","description":"Slu\u0161ajte Radio Klik FM","breadcrumb":{"@id":"https:\/\/radioklikfm.rs\/index.php\/kontakt\/#breadcrumb"},"inLanguage":"en-US","potentialAction":[{"@type":"ReadAction","target":["https:\/\/radioklikfm.rs\/index.php\/kontakt\/"]}]},{"@type":"ImageObject","inLanguage":"en-US","@id":"https:\/\/radioklikfm.rs\/index.php\/kontakt\/#primaryimage","url":"https:\/\/radioklikfm.rs\/wp-content\/uploads\/2023\/12\/RADIO-KLIK-FM-91.7.png","contentUrl":"https:\/\/radioklikfm.rs\/wp-content\/uploads\/2023\/12\/RADIO-KLIK-FM-91.7.png","width":1080,"height":1080},{"@type":"BreadcrumbList","@id":"https:\/\/radioklikfm.rs\/index.php\/kontakt\/#breadcrumb","itemListElement":[{"@type":"ListItem","position":1,"name":"Home","item":"https:\/\/radioklikfm.rs\/"},{"@type":"ListItem","position":2,"name":"Kontakt"}]},{"@type":"WebSite","@id":"https:\/\/radioklikfm.rs\/#website","url":"https:\/\/radioklikfm.rs\/","name":"KLIK FM 91.7","description":"Slu\u0161ajte Radio Klik FM","publisher":{"@id":"https:\/\/radioklikfm.rs\/#organization"},"alternateName":"Slu\u0161ajte Radio Klik FM","potentialAction":[{"@type":"SearchAction","target":{"@type":"EntryPoint","urlTemplate":"https:\/\/radioklikfm.rs\/?s={search_term_string}"},"query-input":{"@type":"PropertyValueSpecification","valueRequired":true,"valueName":"search_term_string"}}],"inLanguage":"en-US"},{"@type":"Organization","@id":"https:\/\/radioklikfm.rs\/#organization","name":"KLIK FM","alternateName":"Slu\u0161ajte Radio Klik FM","url":"https:\/\/radioklikfm.rs\/","logo":{"@type":"ImageObject","inLanguage":"en-US","@id":"https:\/\/radioklikfm.rs\/#\/schema\/logo\/image\/","url":"https:\/\/radioklikfm.rs\/wp-content\/uploads\/2023\/12\/RADIO-KLIK-FM-LOGO-NOVI.png","contentUrl":"https:\/\/radioklikfm.rs\/wp-content\/uploads\/2023\/12\/RADIO-KLIK-FM-LOGO-NOVI.png","width":1172,"height":649,"caption":"KLIK FM"},"image":{"@id":"https:\/\/radioklikfm.rs\/#\/schema\/logo\/image\/"}}]}},"_links":{"self":[{"href":"https:\/\/radioklikfm.rs\/index.php\/wp-json\/wp\/v2\/pages\/6691","targetHints":{"allow":["GET"]}}],"collection":[{"href":"https:\/\/radioklikfm.rs\/index.php\/wp-json\/wp\/v2\/pages"}],"about":[{"href":"https:\/\/radioklikfm.rs\/index.php\/wp-json\/wp\/v2\/types\/page"}],"author":[{"embeddable":true,"href":"https:\/\/radioklikfm.rs\/index.php\/wp-json\/wp\/v2\/users\/1"}],"replies":[{"embeddable":true,"href":"https:\/\/radioklikfm.rs\/index.php\/wp-json\/wp\/v2\/comments?post=6691"}],"version-history":[{"count":20,"href":"https:\/\/radioklikfm.rs\/index.php\/wp-json\/wp\/v2\/pages\/6691\/revisions"}],"predecessor-version":[{"id":6870,"href":"https:\/\/radioklikfm.rs\/index.php\/wp-json\/wp\/v2\/pages\/6691\/revisions\/6870"}],"wp:featuredmedia":[{"embeddable":true,"href":"https:\/\/radioklikfm.rs\/index.php\/wp-json\/wp\/v2\/media\/6801"}],"wp:attachment":[{"href":"https:\/\/radioklikfm.rs\/index.php\/wp-json\/wp\/v2\/media?parent=6691"}],"curies":[{"name":"wp","href":"https:\/\/api.w.org\/{rel}","templated":true}]}}